{"id":222,"date":"2025-03-18T15:09:46","date_gmt":"2025-03-18T14:09:46","guid":{"rendered":"https:\/\/2862jfbqkxi.preview.infomaniak.website\/?page_id=222"},"modified":"2025-04-09T15:53:22","modified_gmt":"2025-04-09T13:53:22","slug":"wer-sind-wir","status":"publish","type":"page","link":"https:\/\/fermelalibellule.ch\/de\/wer-sind-wir\/","title":{"rendered":"Wer sind wir?"},"content":{"rendered":"\n<figure class=\"wp-block-gallery alignwide has-nested-images columns-4 is-cropped wp-block-gallery-1 is-layout-flex wp-block-gallery-is-layout-flex\">\n<figure class=\"wp-block-image size-large\"><img loading=\"lazy\" decoding=\"async\" width=\"1024\" height=\"683\" data-id=\"31\" src=\"https:\/\/2862jfbqkxi.preview.infomaniak.website\/wp-content\/uploads\/2025\/03\/ferme-libellule-01-1024x683.jpg\" alt=\"\" class=\"wp-image-31\" srcset=\"https:\/\/fermelalibellule.ch\/wp-content\/uploads\/2025\/03\/ferme-libellule-01-1024x683.jpg 1024w, https:\/\/fermelalibellule.ch\/wp-content\/uploads\/2025\/03\/ferme-libellule-01-560x373.jpg 560w, https:\/\/fermelalibellule.ch\/wp-content\/uploads\/2025\/03\/ferme-libellule-01-768x512.jpg 768w, https:\/\/fermelalibellule.ch\/wp-content\/uploads\/2025\/03\/ferme-libellule-01-840x560.jpg 840w, https:\/\/fermelalibellule.ch\/wp-content\/uploads\/2025\/03\/ferme-libellule-01-600x400.jpg 600w, https:\/\/fermelalibellule.ch\/wp-content\/uploads\/2025\/03\/ferme-libellule-01.jpg 1440w\" sizes=\"auto, (max-width: 1024px) 100vw, 1024px\" \/><\/figure>\n\n\n\n<figure class=\"wp-block-image size-large\"><img loading=\"lazy\" decoding=\"async\" width=\"1024\" height=\"576\" data-id=\"79\" src=\"https:\/\/2862jfbqkxi.preview.infomaniak.website\/wp-content\/uploads\/2025\/03\/libellule-potager-04.jpg\" alt=\"\" class=\"wp-image-79\" srcset=\"https:\/\/fermelalibellule.ch\/wp-content\/uploads\/2025\/03\/libellule-potager-04.jpg 1024w, https:\/\/fermelalibellule.ch\/wp-content\/uploads\/2025\/03\/libellule-potager-04-560x315.jpg 560w, https:\/\/fermelalibellule.ch\/wp-content\/uploads\/2025\/03\/libellule-potager-04-768x432.jpg 768w\" sizes=\"auto, (max-width: 1024px) 100vw, 1024px\" \/><\/figure>\n\n\n\n<figure class=\"wp-block-image size-large\"><img loading=\"lazy\" decoding=\"async\" width=\"1024\" height=\"683\" data-id=\"37\" src=\"https:\/\/2862jfbqkxi.preview.infomaniak.website\/wp-content\/uploads\/2025\/03\/libellule-creche-01-1024x683.jpg\" alt=\"\" class=\"wp-image-37\" srcset=\"https:\/\/fermelalibellule.ch\/wp-content\/uploads\/2025\/03\/libellule-creche-01-1024x683.jpg 1024w, https:\/\/fermelalibellule.ch\/wp-content\/uploads\/2025\/03\/libellule-creche-01-560x373.jpg 560w, https:\/\/fermelalibellule.ch\/wp-content\/uploads\/2025\/03\/libellule-creche-01-768x512.jpg 768w, https:\/\/fermelalibellule.ch\/wp-content\/uploads\/2025\/03\/libellule-creche-01-840x560.jpg 840w, https:\/\/fermelalibellule.ch\/wp-content\/uploads\/2025\/03\/libellule-creche-01-600x400.jpg 600w, https:\/\/fermelalibellule.ch\/wp-content\/uploads\/2025\/03\/libellule-creche-01.jpg 1440w\" sizes=\"auto, (max-width: 1024px) 100vw, 1024px\" \/><\/figure>\n\n\n\n<figure class=\"wp-block-image size-large\"><img loading=\"lazy\" decoding=\"async\" width=\"1024\" height=\"683\" data-id=\"35\" src=\"https:\/\/2862jfbqkxi.preview.infomaniak.website\/wp-content\/uploads\/2025\/03\/libellule-cafe-epicerie-04-1024x683.jpg\" alt=\"\" class=\"wp-image-35\" srcset=\"https:\/\/fermelalibellule.ch\/wp-content\/uploads\/2025\/03\/libellule-cafe-epicerie-04-1024x683.jpg 1024w, https:\/\/fermelalibellule.ch\/wp-content\/uploads\/2025\/03\/libellule-cafe-epicerie-04-560x373.jpg 560w, https:\/\/fermelalibellule.ch\/wp-content\/uploads\/2025\/03\/libellule-cafe-epicerie-04-768x512.jpg 768w, https:\/\/fermelalibellule.ch\/wp-content\/uploads\/2025\/03\/libellule-cafe-epicerie-04-840x560.jpg 840w, https:\/\/fermelalibellule.ch\/wp-content\/uploads\/2025\/03\/libellule-cafe-epicerie-04-600x400.jpg 600w, https:\/\/fermelalibellule.ch\/wp-content\/uploads\/2025\/03\/libellule-cafe-epicerie-04.jpg 1440w\" sizes=\"auto, (max-width: 1024px) 100vw, 1024px\" \/><\/figure>\n<\/figure>\n\n\n\n<div class=\"wp-block-group alignfull has-cream-background-color has-background has-global-padding is-layout-constrained wp-block-group-is-layout-constrained\"><div class=\"wp-block-group__inner-container\">\n<h2 class=\"wp-block-heading has-text-align-center\">Notre \u00e9quipe<\/h2>\n\n\n  <section class=\"acf-block-team block-team section-team\">\n    <ul class=\"list-team\">\n      \n            <li class=\"team-member basic\">\n                  <figure class=\"img team-photo\">\n            <img loading=\"lazy\" decoding=\"async\" width=\"600\" height=\"600\" src=\"https:\/\/fermelalibellule.ch\/wp-content\/uploads\/2025\/04\/user-02-600x600.png\" class=\"attachment-square size-square\" alt=\"\" srcset=\"https:\/\/fermelalibellule.ch\/wp-content\/uploads\/2025\/04\/user-02.png 600w, https:\/\/fermelalibellule.ch\/wp-content\/uploads\/2025\/04\/user-02-300x300.png 300w, https:\/\/fermelalibellule.ch\/wp-content\/uploads\/2025\/04\/user-02-560x560.png 560w, https:\/\/fermelalibellule.ch\/wp-content\/uploads\/2025\/04\/user-02-400x400.png 400w\" sizes=\"auto, (max-width: 600px) 100vw, 600px\" \/>          <\/figure>\n                <div class=\"content\">\n        <p class=\"name\">Tabea M\u00fcnger<\/p>\n        \n                  <p class=\"descr\">une perle de mara\u00eech\u00e8re !<\/p>\n          \n                          <\/div>\n      <\/li>\n            <li class=\"team-member basic\">\n                  <figure class=\"img team-photo\">\n            <img loading=\"lazy\" decoding=\"async\" width=\"600\" height=\"600\" src=\"https:\/\/fermelalibellule.ch\/wp-content\/uploads\/2025\/04\/user-01-600x600.png\" class=\"attachment-square size-square\" alt=\"\" srcset=\"https:\/\/fermelalibellule.ch\/wp-content\/uploads\/2025\/04\/user-01.png 600w, https:\/\/fermelalibellule.ch\/wp-content\/uploads\/2025\/04\/user-01-300x300.png 300w, https:\/\/fermelalibellule.ch\/wp-content\/uploads\/2025\/04\/user-01-560x560.png 560w, https:\/\/fermelalibellule.ch\/wp-content\/uploads\/2025\/04\/user-01-400x400.png 400w\" sizes=\"auto, (max-width: 600px) 100vw, 600px\" \/>          <\/figure>\n                <div class=\"content\">\n        <p class=\"name\">Thomas Gianninazi<\/p>\n        \n                  <p class=\"descr\">le gardien de nos moutons jagglus<\/p>\n          \n                          <\/div>\n      <\/li>\n            <li class=\"team-member basic\">\n                  <figure class=\"img team-photo\">\n            <img loading=\"lazy\" decoding=\"async\" width=\"600\" height=\"600\" src=\"https:\/\/fermelalibellule.ch\/wp-content\/uploads\/2025\/04\/user-03-600x600.png\" class=\"attachment-square size-square\" alt=\"\" srcset=\"https:\/\/fermelalibellule.ch\/wp-content\/uploads\/2025\/04\/user-03.png 600w, https:\/\/fermelalibellule.ch\/wp-content\/uploads\/2025\/04\/user-03-300x300.png 300w, https:\/\/fermelalibellule.ch\/wp-content\/uploads\/2025\/04\/user-03-560x560.png 560w, https:\/\/fermelalibellule.ch\/wp-content\/uploads\/2025\/04\/user-03-400x400.png 400w\" sizes=\"auto, (max-width: 600px) 100vw, 600px\" \/>          <\/figure>\n                <div class=\"content\">\n        <p class=\"name\">Garance Vermeille<\/p>\n        \n                  <p class=\"descr\">la bonne humeur incarn\u00e9e, tant\u00f4t au caf\u00e9-\u00e9picerie o\u00f9 \u00e0 pr\u00e9parer les l\u00e9gumes pour les commandes<\/p>\n          \n                          <\/div>\n      <\/li>\n            <li class=\"team-member basic\">\n                  <figure class=\"img team-photo\">\n            <img loading=\"lazy\" decoding=\"async\" width=\"600\" height=\"600\" src=\"https:\/\/fermelalibellule.ch\/wp-content\/uploads\/2025\/04\/user-04-600x600.png\" class=\"attachment-square size-square\" alt=\"\" srcset=\"https:\/\/fermelalibellule.ch\/wp-content\/uploads\/2025\/04\/user-04.png 600w, https:\/\/fermelalibellule.ch\/wp-content\/uploads\/2025\/04\/user-04-300x300.png 300w, https:\/\/fermelalibellule.ch\/wp-content\/uploads\/2025\/04\/user-04-560x560.png 560w, https:\/\/fermelalibellule.ch\/wp-content\/uploads\/2025\/04\/user-04-400x400.png 400w\" sizes=\"auto, (max-width: 600px) 100vw, 600px\" \/>          <\/figure>\n                <div class=\"content\">\n        <p class=\"name\">Les wwoofeurs<\/p>\n        \n                  <p class=\"descr\">Des petites mains tr\u00e8s utiles et des rencontres enrichissantes. Plus d\u2019info sur cet \u00e9change:<\/p>\n          \n                          <ul class=\"list-links\" aria-label=\"Links and social media\">\n          \n                      <li>\n              <a href=\"https:\/\/wwoofindependents.org\/fr\/\" target=\"_blank\">\n                R\u00e9seau WWOOF Independents              <\/a>\n            <\/li>\n                    \n                <\/ul>\n        \n                <\/div>\n      <\/li>\n          <\/ul>\n  <\/section>\n  \n  <\/div><\/div>\n","protected":false},"excerpt":{"rendered":"<p>Notre \u00e9quipe<\/p>\n","protected":false},"author":1,"featured_media":155,"parent":0,"menu_order":0,"comment_status":"closed","ping_status":"closed","template":"","meta":{"_acf_changed":false,"footnotes":""},"class_list":["post-222","page","type-page","status-publish","has-post-thumbnail","hentry"],"acf":[],"yoast_head":"<!-- This site is optimized with the Yoast SEO plugin v27.5 - https:\/\/yoast.com\/product\/yoast-seo-wordpress\/ -->\n<title>Wer sind wir? &#8211; Ferme la Libellule<\/title>\n<meta name=\"robots\" content=\"index, follow, max-snippet:-1, max-image-preview:large, max-video-preview:-1\" \/>\n<link rel=\"canonical\" href=\"https:\/\/fermelalibellule.ch\/de\/wer-sind-wir\/\" \/>\n<meta property=\"og:locale\" content=\"de_DE\" \/>\n<meta property=\"og:type\" content=\"article\" \/>\n<meta property=\"og:title\" content=\"Wer sind wir? &#8211; Ferme la Libellule\" \/>\n<meta property=\"og:description\" content=\"Notre \u00e9quipe\" \/>\n<meta property=\"og:url\" content=\"https:\/\/fermelalibellule.ch\/de\/wer-sind-wir\/\" \/>\n<meta property=\"og:site_name\" content=\"Ferme la Libellule\" \/>\n<meta property=\"article:modified_time\" content=\"2025-04-09T13:53:22+00:00\" \/>\n<meta property=\"og:image\" content=\"https:\/\/fermelalibellule.ch\/wp-content\/uploads\/2025\/03\/ferme-libellule-01.jpg\" \/>\n\t<meta property=\"og:image:width\" content=\"1440\" \/>\n\t<meta property=\"og:image:height\" content=\"960\" \/>\n\t<meta property=\"og:image:type\" content=\"image\/jpeg\" \/>\n<meta name=\"twitter:card\" content=\"summary_large_image\" \/>\n<script type=\"application\/ld+json\" class=\"yoast-schema-graph\">{\"@context\":\"https:\\\/\\\/schema.org\",\"@graph\":[{\"@type\":\"WebPage\",\"@id\":\"https:\\\/\\\/fermelalibellule.ch\\\/de\\\/wer-sind-wir\\\/\",\"url\":\"https:\\\/\\\/fermelalibellule.ch\\\/de\\\/wer-sind-wir\\\/\",\"name\":\"Wer sind wir? &#8211; Ferme la Libellule\",\"isPartOf\":{\"@id\":\"https:\\\/\\\/fermelalibellule.ch\\\/de\\\/#website\"},\"primaryImageOfPage\":{\"@id\":\"https:\\\/\\\/fermelalibellule.ch\\\/de\\\/wer-sind-wir\\\/#primaryimage\"},\"image\":{\"@id\":\"https:\\\/\\\/fermelalibellule.ch\\\/de\\\/wer-sind-wir\\\/#primaryimage\"},\"thumbnailUrl\":\"https:\\\/\\\/fermelalibellule.ch\\\/wp-content\\\/uploads\\\/2025\\\/03\\\/ferme-libellule-01.jpg\",\"datePublished\":\"2025-03-18T14:09:46+00:00\",\"dateModified\":\"2025-04-09T13:53:22+00:00\",\"breadcrumb\":{\"@id\":\"https:\\\/\\\/fermelalibellule.ch\\\/de\\\/wer-sind-wir\\\/#breadcrumb\"},\"inLanguage\":\"de\",\"potentialAction\":[{\"@type\":\"ReadAction\",\"target\":[\"https:\\\/\\\/fermelalibellule.ch\\\/de\\\/wer-sind-wir\\\/\"]}]},{\"@type\":\"ImageObject\",\"inLanguage\":\"de\",\"@id\":\"https:\\\/\\\/fermelalibellule.ch\\\/de\\\/wer-sind-wir\\\/#primaryimage\",\"url\":\"https:\\\/\\\/fermelalibellule.ch\\\/wp-content\\\/uploads\\\/2025\\\/03\\\/ferme-libellule-01.jpg\",\"contentUrl\":\"https:\\\/\\\/fermelalibellule.ch\\\/wp-content\\\/uploads\\\/2025\\\/03\\\/ferme-libellule-01.jpg\",\"width\":1440,\"height\":960},{\"@type\":\"BreadcrumbList\",\"@id\":\"https:\\\/\\\/fermelalibellule.ch\\\/de\\\/wer-sind-wir\\\/#breadcrumb\",\"itemListElement\":[{\"@type\":\"ListItem\",\"position\":1,\"name\":\"Accueil\",\"item\":\"https:\\\/\\\/fermelalibellule.ch\\\/de\\\/\"},{\"@type\":\"ListItem\",\"position\":2,\"name\":\"Wer sind wir?\"}]},{\"@type\":\"WebSite\",\"@id\":\"https:\\\/\\\/fermelalibellule.ch\\\/de\\\/#website\",\"url\":\"https:\\\/\\\/fermelalibellule.ch\\\/de\\\/\",\"name\":\"Ferme la Libellule\",\"description\":\"\",\"publisher\":{\"@id\":\"https:\\\/\\\/fermelalibellule.ch\\\/de\\\/#organization\"},\"potentialAction\":[{\"@type\":\"SearchAction\",\"target\":{\"@type\":\"EntryPoint\",\"urlTemplate\":\"https:\\\/\\\/fermelalibellule.ch\\\/de\\\/?s={search_term_string}\"},\"query-input\":{\"@type\":\"PropertyValueSpecification\",\"valueRequired\":true,\"valueName\":\"search_term_string\"}}],\"inLanguage\":\"de\"},{\"@type\":\"Organization\",\"@id\":\"https:\\\/\\\/fermelalibellule.ch\\\/de\\\/#organization\",\"name\":\"Ferme la Libellule\",\"url\":\"https:\\\/\\\/fermelalibellule.ch\\\/de\\\/\",\"logo\":{\"@type\":\"ImageObject\",\"inLanguage\":\"de\",\"@id\":\"https:\\\/\\\/fermelalibellule.ch\\\/de\\\/#\\\/schema\\\/logo\\\/image\\\/\",\"url\":\"https:\\\/\\\/fermelalibellule.ch\\\/wp-content\\\/uploads\\\/2025\\\/10\\\/logo-ferme-la-libellule.png\",\"contentUrl\":\"https:\\\/\\\/fermelalibellule.ch\\\/wp-content\\\/uploads\\\/2025\\\/10\\\/logo-ferme-la-libellule.png\",\"width\":600,\"height\":280,\"caption\":\"Ferme la Libellule\"},\"image\":{\"@id\":\"https:\\\/\\\/fermelalibellule.ch\\\/de\\\/#\\\/schema\\\/logo\\\/image\\\/\"}}]}<\/script>\n<!-- \/ Yoast SEO plugin. -->","yoast_head_json":{"title":"Wer sind wir? &#8211; Ferme la Libellule","robots":{"index":"index","follow":"follow","max-snippet":"max-snippet:-1","max-image-preview":"max-image-preview:large","max-video-preview":"max-video-preview:-1"},"canonical":"https:\/\/fermelalibellule.ch\/de\/wer-sind-wir\/","og_locale":"de_DE","og_type":"article","og_title":"Wer sind wir? &#8211; Ferme la Libellule","og_description":"Notre \u00e9quipe","og_url":"https:\/\/fermelalibellule.ch\/de\/wer-sind-wir\/","og_site_name":"Ferme la Libellule","article_modified_time":"2025-04-09T13:53:22+00:00","og_image":[{"width":1440,"height":960,"url":"https:\/\/fermelalibellule.ch\/wp-content\/uploads\/2025\/03\/ferme-libellule-01.jpg","type":"image\/jpeg"}],"twitter_card":"summary_large_image","schema":{"@context":"https:\/\/schema.org","@graph":[{"@type":"WebPage","@id":"https:\/\/fermelalibellule.ch\/de\/wer-sind-wir\/","url":"https:\/\/fermelalibellule.ch\/de\/wer-sind-wir\/","name":"Wer sind wir? &#8211; Ferme la Libellule","isPartOf":{"@id":"https:\/\/fermelalibellule.ch\/de\/#website"},"primaryImageOfPage":{"@id":"https:\/\/fermelalibellule.ch\/de\/wer-sind-wir\/#primaryimage"},"image":{"@id":"https:\/\/fermelalibellule.ch\/de\/wer-sind-wir\/#primaryimage"},"thumbnailUrl":"https:\/\/fermelalibellule.ch\/wp-content\/uploads\/2025\/03\/ferme-libellule-01.jpg","datePublished":"2025-03-18T14:09:46+00:00","dateModified":"2025-04-09T13:53:22+00:00","breadcrumb":{"@id":"https:\/\/fermelalibellule.ch\/de\/wer-sind-wir\/#breadcrumb"},"inLanguage":"de","potentialAction":[{"@type":"ReadAction","target":["https:\/\/fermelalibellule.ch\/de\/wer-sind-wir\/"]}]},{"@type":"ImageObject","inLanguage":"de","@id":"https:\/\/fermelalibellule.ch\/de\/wer-sind-wir\/#primaryimage","url":"https:\/\/fermelalibellule.ch\/wp-content\/uploads\/2025\/03\/ferme-libellule-01.jpg","contentUrl":"https:\/\/fermelalibellule.ch\/wp-content\/uploads\/2025\/03\/ferme-libellule-01.jpg","width":1440,"height":960},{"@type":"BreadcrumbList","@id":"https:\/\/fermelalibellule.ch\/de\/wer-sind-wir\/#breadcrumb","itemListElement":[{"@type":"ListItem","position":1,"name":"Accueil","item":"https:\/\/fermelalibellule.ch\/de\/"},{"@type":"ListItem","position":2,"name":"Wer sind wir?"}]},{"@type":"WebSite","@id":"https:\/\/fermelalibellule.ch\/de\/#website","url":"https:\/\/fermelalibellule.ch\/de\/","name":"Ferme la Libellule","description":"","publisher":{"@id":"https:\/\/fermelalibellule.ch\/de\/#organization"},"potentialAction":[{"@type":"SearchAction","target":{"@type":"EntryPoint","urlTemplate":"https:\/\/fermelalibellule.ch\/de\/?s={search_term_string}"},"query-input":{"@type":"PropertyValueSpecification","valueRequired":true,"valueName":"search_term_string"}}],"inLanguage":"de"},{"@type":"Organization","@id":"https:\/\/fermelalibellule.ch\/de\/#organization","name":"Ferme la Libellule","url":"https:\/\/fermelalibellule.ch\/de\/","logo":{"@type":"ImageObject","inLanguage":"de","@id":"https:\/\/fermelalibellule.ch\/de\/#\/schema\/logo\/image\/","url":"https:\/\/fermelalibellule.ch\/wp-content\/uploads\/2025\/10\/logo-ferme-la-libellule.png","contentUrl":"https:\/\/fermelalibellule.ch\/wp-content\/uploads\/2025\/10\/logo-ferme-la-libellule.png","width":600,"height":280,"caption":"Ferme la Libellule"},"image":{"@id":"https:\/\/fermelalibellule.ch\/de\/#\/schema\/logo\/image\/"}}]}},"_links":{"self":[{"href":"https:\/\/fermelalibellule.ch\/de\/wp-json\/wp\/v2\/pages\/222","targetHints":{"allow":["GET"]}}],"collection":[{"href":"https:\/\/fermelalibellule.ch\/de\/wp-json\/wp\/v2\/pages"}],"about":[{"href":"https:\/\/fermelalibellule.ch\/de\/wp-json\/wp\/v2\/types\/page"}],"author":[{"embeddable":true,"href":"https:\/\/fermelalibellule.ch\/de\/wp-json\/wp\/v2\/users\/1"}],"replies":[{"embeddable":true,"href":"https:\/\/fermelalibellule.ch\/de\/wp-json\/wp\/v2\/comments?post=222"}],"version-history":[{"count":0,"href":"https:\/\/fermelalibellule.ch\/de\/wp-json\/wp\/v2\/pages\/222\/revisions"}],"wp:featuredmedia":[{"embeddable":true,"href":"https:\/\/fermelalibellule.ch\/de\/wp-json\/wp\/v2\/media\/155"}],"wp:attachment":[{"href":"https:\/\/fermelalibellule.ch\/de\/wp-json\/wp\/v2\/media?parent=222"}],"curies":[{"name":"wp","href":"https:\/\/api.w.org\/{rel}","templated":true}]}}